{"id":103,"date":"2025-11-10T15:20:30","date_gmt":"2025-11-10T15:20:30","guid":{"rendered":"https:\/\/kingkong.space\/?page_id=103"},"modified":"2025-11-10T15:20:31","modified_gmt":"2025-11-10T15:20:31","slug":"cjenik","status":"publish","type":"page","link":"https:\/\/kingkong.space\/index.php\/cjenik\/","title":{"rendered":"Cjenik"},"content":{"rendered":"\n<p><strong><em>USLUGE<\/em><\/strong> [Cijene su izra\u017eene u \u20ac]&nbsp;<\/p>\n\n\n\n<p><strong>STRATEGIJE<\/strong><\/p>\n\n\n\n<p>Brand strategija \u20ac300 \u2013 400<\/p>\n\n\n\n<p>Marketing strategija \u20ac300 \u2013 400<\/p>\n\n\n\n<p>Strategija ogla\u0161avanja \u20ac150 \u2013 200<\/p>\n\n\n\n<p>Strategija nastupa na dru\u0161tvenim mre\u017eama \u20ac150 \u2013 300<\/p>\n\n\n\n<p>SEO strategija \u20ac150 \u2013 300<\/p>\n\n\n\n<p>Web UX strategija \u20ac150 \u2013 290<\/p>\n\n\n\n<p>Online istra\u017eivanje tr\u017ei\u0161ta, potro\u0161a\u010da ili konkurencije \u20ac100<\/p>\n\n\n\n<p>Strate\u0161ko savjetovanje i edukacija \u20ac90 \u2013 120\/sat<\/p>\n\n\n\n<p><strong>ONLINE OGLA\u0160AVANJE<\/strong><\/p>\n\n\n\n<p>Osmi\u0161ljavanje oglasa \u20ac50<\/p>\n\n\n\n<p>Dizajn oglasa \u20ac30<\/p>\n\n\n\n<p>Google ogla\u0161avanje \u20ac50 + 15%<\/p>\n\n\n\n<p>Facebook ogla\u0161avanje \u20ac50 + 15%<\/p>\n\n\n\n<p>Instagram ogla\u0161avanje \u20ac50 + 15%<\/p>\n\n\n\n<p>LinkedIn ogla\u0161avanje \u20ac50 + 15%<\/p>\n\n\n\n<p>Nativno ogla\u0161avanje \u20ac50 + 15%<\/p>\n\n\n\n<p>Video ogla\u0161avanje \u20ac50 + 15%<\/p>\n\n\n\n<p><strong>WEB STRANICE<\/strong><\/p>\n\n\n\n<p>Landing Page \/ One Page web stranica \u20ac300 \u2013 400<\/p>\n\n\n\n<p>Web stranica za male poduzetnike \u20ac600 \u2013 800<\/p>\n\n\n\n<p>Korporativne stranice za ve\u0107a poduze\u0107a \u20ac2.000 \u2013 3.000<\/p>\n\n\n\n<p>Webshop \u20ac2.000 \u2013 4.000<\/p>\n\n\n\n<p>Odr\u017eavanje web stranice \u20ac50\/sat<\/p>\n\n\n\n<p>Objava i a\u017euriranje web sadr\u017eaja \u20ac50<\/p>\n\n\n\n<p>Dodavanje sadr\u017eaja na web shop \u20ac10\/artikal<\/p>\n\n\n\n<p><strong>SEO<\/strong><\/p>\n\n\n\n<p>Osnovna SEO analiza i optimizacija \u20ac150 \u2013 300<\/p>\n\n\n\n<p>Postavljanje Google Business profila \u20ac30<\/p>\n\n\n\n<p>Pisanje web sadr\u017eaja i blogova \u20ac50 \/ kartica teksta<\/p>\n\n\n\n<p>Pisanje opisa usluga i proizvoda \u20ac50 \/ kartica teksta<\/p>\n\n\n\n<p><strong>DRU\u0160TVENE MRE\u017dE<\/strong><\/p>\n\n\n\n<p>Otvaranje profila \u20ac30<\/p>\n\n\n\n<p>Pisanje i izrada objava \u20ac20<\/p>\n\n\n\n<p>Postavljanje objava \u20ac5<\/p>\n\n\n\n<p>Izrada jednostavnih videa (reels) \u20ac50<\/p>\n\n\n\n<p>Odgovaranje na upite i komentare\u20ac 35 \u2013 60 \/ mj<\/p>\n\n\n\n<p>Organizacija nagradnog natje\u010daja \u20ac50<\/p>\n\n\n\n<ul class=\"wp-block-list\">\n<li><em>kona\u010dna ponuda se formira nakon razgovora s klijentom<\/em><\/li>\n<\/ul>\n\n\n\n<p><strong>E-MAIL MARKETING<\/strong><\/p>\n\n\n\n<p>Pisanje sadr\u017eaja za newsletter \u20ac50 \/ kartica teksta<\/p>\n\n\n\n<p>Dizajn newslettera \u20ac30<\/p>\n\n\n\n<p>Slanje newslettera \u20ac10<\/p>\n\n\n\n<p><strong>CONTENT MARKETING<\/strong><\/p>\n\n\n\n<p>Pisanje PR \u010dlanaka \u20ac50 \/ kartica teksta<\/p>\n\n\n\n<p>Pisanje e-bookova \u20ac150 \u2013 250<\/p>\n\n\n\n<p>Izrada infografika \u20ac50- 100<\/p>\n\n\n\n<p><strong>WEB ANALITIKA<\/strong><\/p>\n\n\n\n<p>Postavljanje Google Analytics alata \u20ac50<\/p>\n\n\n\n<p>Postavljanje Google Search Console alata \u20ac30<\/p>\n\n\n\n<p>Postavljanje ciljeva i konverzija \u20ac30<\/p>\n\n\n\n<p>Pra\u0107enje rezultata i izvje\u0161tavanje \u20ac30\/mj<\/p>\n\n\n\n<p><strong>GOOGLE ADS<\/strong><\/p>\n\n\n\n<ul class=\"wp-block-list\">\n<li>Broj ciljanih kategorija \u2013 <em>DO 3<\/em><strong>\u00a0 \u00a0 \u00a0 \u20ac250\/mj<\/strong>\n<ul class=\"wp-block-list\">\n<li>\u2013 Postavljanje konverzija\u00a0<\/li>\n\n\n\n<li>-Google Analytics setup<\/li>\n\n\n\n<li>-Search kampanja<\/li>\n\n\n\n<li>-Set prate\u0107ih banera<\/li>\n<\/ul>\n<\/li>\n\n\n\n<li>Broj ciljanih kategorija \u2013<strong><em> <\/em><\/strong><em>DO 5<\/em><strong>\u00a0\u00a0\u00a0\u00a0\u00a0\u20ac450\/mj<\/strong>\n<ul class=\"wp-block-list\">\n<li>\u00a0-Postavljanje konverzija<\/li>\n\n\n\n<li>-Google Analytics setup<\/li>\n\n\n\n<li>\u00a0-Search kampanja<\/li>\n\n\n\n<li>\u2013 Display kampanja<\/li>\n\n\n\n<li>\u00a0-Set prate\u0107ih bannera<\/li>\n<\/ul>\n<\/li>\n<\/ul>\n\n\n\n<p><strong>INFLUENCER MARKETING I MEDIJI<\/strong> \u20ac50\/sat + 15%<\/p>\n\n\n\n<p><strong>ORGANIZACIJA EVENATA<\/strong> \u20ac50\/sat<\/p>\n\n\n\n<p><strong>BRENDING<\/strong><\/p>\n\n\n\n<p><strong>Izrada logotipa<\/strong><\/p>\n\n\n\n<p>Izrada jednostavnijeg logotipa sa do 5 grafi\u010dkih rje\u0161enja \u2013 dizajn prijedloga, do 2 revizije ili korekcije. Izrada u vektorskom obliku crno-bijele i u boji varijante loga. \u20ac150<\/p>\n\n\n\n<p><strong>Dizajn kataloga<\/strong><\/p>\n\n\n\n<p>Grafi\u010dko oblikovanje i priprema za sve tehnike tiska kataloga proizvoda ili usluga. \u20ac30 \/sat<\/p>\n\n\n\n<p><strong>Dizajn bro\u0161ura<\/strong><\/p>\n\n\n\n<p>Oblikovanje bro\u0161ura modernog izgleda u razli\u010ditim formatima i opsegu stranica. \u20ac30 \/sat<\/p>\n\n\n\n<p><strong>DIZAJN VIZITKI<\/strong><\/p>\n\n\n\n<p>Dizajn vizitki, memoranduma, kuverti \u20ac30<\/p>\n\n\n\n<p><strong>DIZAJN LETAKA<\/strong><\/p>\n\n\n\n<p>Dizajn promid\u017ebenih letaka, flyera \u20ac10 \u2013 20 \/stranica<\/p>\n\n\n\n<p><strong>DIZAJN NALJEPNICA<\/strong><\/p>\n\n\n\n<p>Dizajn naljepnica \u20ac30<\/p>\n\n\n\n<p><strong>DIZAJN OGLASA<\/strong><\/p>\n\n\n\n<p>Dizajn jednostavnijih oglasa i reklama za \u010dasopise (do A5 formata) \u20ac30<\/p>\n\n\n\n<p><strong>DIZAJN JUMBO PLAKATA<\/strong><\/p>\n\n\n\n<p>Dizajn kompleksnijih oglasa za \u010dasopise ili magazine, plakata, jumbo-plakata, svjetle\u0107ih reklama, telopa i dr.<\/p>\n\n\n\n<p>Grafi\u010dki dizajn i priprema za tisak \u20ac50\/sat<\/p>\n\n\n\n<p>Meni karta<strong> JEDAN JEZIK<\/strong> \u20ac70<\/p>\n\n\n\n<p>\u2013 do 2 stranice (svaka dodatna stranica se napla\u0107uje \u20ac20 )<\/p>\n\n\n\n<p>Meni karta <strong>VI\u0160E JEZIKA<\/strong> \u20ac100<\/p>\n\n\n\n<p>\u2013 do 2 stranice (svaka dodatna stranica se napla\u0107uje \u20ac30 )<\/p>\n\n\n\n<p><strong>VINSKA<\/strong> karta \u20ac50<\/p>\n\n\n\n<p>\u2013 do 2 stranice (svaka dodatna stranica se napla\u0107uje \u20ac20 )<\/p>\n\n\n\n<p><strong>USLUGA SAVJETOVANJA ILI EDUKACIJE<\/strong> \u20ac100 \/ sat<\/p>\n\n\n\n<p><strong>Knjiga standarda\/vizualni identitet&nbsp; <\/strong>\u20ac500<\/p>\n\n\n\n<p>\u2013 brandiranje ili stvaranje prepoznatljivog rje\u0161enja za poduze\u0107e, proizvod, uslugu<\/p>\n\n\n\n<p>\u2013 do 3 idejna rje\u0161enja logotipa uz odabir karakteristi\u010dne tipografije i boja<\/p>\n\n\n\n<p>\u2013 izrada idejnog rje\u0161enja vizitke, memoranduma, kuverte, pe\u010data, poslovne mape, bloka<\/p>\n\n\n\n<p>\u2013 vizualizacije i primjene logotipa na elemente vezane uz poslovnu djelatnost<\/p>\n\n\n\n<p>\u2013 vizualizacije i obja\u0161njenja dozvoljenih primjena, specifi\u010dna rje\u0161enja<\/p>\n\n\n\n<p>\u2013 knjiga grafi\u010dkih standarda vam osigurava pravilno kori\u0161tenje u PDF formatu&nbsp;<\/p>\n\n\n\n<h5 class=\"wp-block-heading\"><em>\u2013 kona\u010dne ponude se formiraju nakon razgovora s klijentom<\/em><\/h5>\n","protected":false},"excerpt":{"rendered":"<p>USLUGE [Cijene su izra\u017eene u \u20ac]&nbsp; STRATEGIJE Brand strategija \u20ac300 \u2013 400 Marketing strategija \u20ac300 \u2013 400 Strategija ogla\u0161avanja \u20ac150 \u2013 200 Strategija nastupa na dru\u0161tvenim<span class=\"excerpt-hellip\"> [\u2026]<\/span><\/p>\n","protected":false},"author":1,"featured_media":0,"parent":0,"menu_order":0,"comment_status":"closed","ping_status":"closed","template":"","meta":{"footnotes":""},"class_list":["post-103","page","type-page","status-publish","hentry"],"_links":{"self":[{"href":"https:\/\/kingkong.space\/index.php\/wp-json\/wp\/v2\/pages\/103","targetHints":{"allow":["GET"]}}],"collection":[{"href":"https:\/\/kingkong.space\/index.php\/wp-json\/wp\/v2\/pages"}],"about":[{"href":"https:\/\/kingkong.space\/index.php\/wp-json\/wp\/v2\/types\/page"}],"author":[{"embeddable":true,"href":"https:\/\/kingkong.space\/index.php\/wp-json\/wp\/v2\/users\/1"}],"replies":[{"embeddable":true,"href":"https:\/\/kingkong.space\/index.php\/wp-json\/wp\/v2\/comments?post=103"}],"version-history":[{"count":1,"href":"https:\/\/kingkong.space\/index.php\/wp-json\/wp\/v2\/pages\/103\/revisions"}],"predecessor-version":[{"id":104,"href":"https:\/\/kingkong.space\/index.php\/wp-json\/wp\/v2\/pages\/103\/revisions\/104"}],"wp:attachment":[{"href":"https:\/\/kingkong.space\/index.php\/wp-json\/wp\/v2\/media?parent=103"}],"curies":[{"name":"wp","href":"https:\/\/api.w.org\/{rel}","templated":true}]}}